{"id":421,"date":"2019-08-13T08:51:44","date_gmt":"2019-08-13T08:51:44","guid":{"rendered":"https:\/\/demo.themegrill.com\/spacious-freelancer\/?page_id=2"},"modified":"2026-01-09T02:39:59","modified_gmt":"2026-01-09T02:39:59","slug":"sample-page-2-2","status":"publish","type":"page","link":"https:\/\/jesustr.com\/index.php\/sample-page-2-2\/","title":{"rendered":"Download"},"content":{"rendered":"\t\t<div data-elementor-type=\"wp-page\" data-elementor-id=\"421\" class=\"elementor elementor-421\">\n\t\t\t\t\t\t\t\t\t<section class=\"elementor-section elementor-top-section elementor-element elementor-element-cb29d9d elementor-section-boxed elementor-section-height-default elementor-section-height-default\" data-id=\"cb29d9d\" data-element_type=\"section\" data-settings=\"{&quot;background_background&quot;:&quot;classic&quot;}\">\n\t\t\t\t\t\t<div class=\"elementor-container elementor-column-gap-default\">\n\t\t\t\t\t<div class=\"elementor-column elementor-col-100 elementor-top-column elementor-element elementor-element-e85313e\" data-id=\"e85313e\" data-element_type=\"column\">\n\t\t\t<div class=\"elementor-widget-wrap elementor-element-populated\">\n\t\t\t\t\t\t\t\t<section class=\"elementor-section elementor-inner-section elementor-element elementor-element-066da27 elementor-section-boxed elementor-section-height-default elementor-section-height-default\" data-id=\"066da27\" data-element_type=\"section\">\n\t\t\t\t\t\t<div class=\"elementor-container elementor-column-gap-default\">\n\t\t\t\t\t<div class=\"elementor-column elementor-col-100 elementor-inner-column elementor-element elementor-element-16b27bf\" data-id=\"16b27bf\" data-element_type=\"column\">\n\t\t\t<div class=\"elementor-widget-wrap elementor-element-populated\">\n\t\t\t\t\t\t\t\t<div class=\"elementor-element elementor-element-234a893 elementor-widget elementor-widget-image\" data-id=\"234a893\" data-element_type=\"widget\" data-widget_type=\"image.default\">\n\t\t\t\t<div class=\"elementor-widget-container\">\n\t\t\t\t\t\t\t\t\t\t\t\t\t\t\t<img decoding=\"async\" width=\"750\" height=\"289\" src=\"https:\/\/jesustr.com\/wp-content\/uploads\/2019\/05\/banner-1-1024x395.jpg\" class=\"attachment-large size-large wp-image-22\" alt=\"\" loading=\"lazy\" srcset=\"https:\/\/jesustr.com\/wp-content\/uploads\/2019\/05\/banner-1-1024x395.jpg 1024w, https:\/\/jesustr.com\/wp-content\/uploads\/2019\/05\/banner-1-300x116.jpg 300w, https:\/\/jesustr.com\/wp-content\/uploads\/2019\/05\/banner-1-768x296.jpg 768w, https:\/\/jesustr.com\/wp-content\/uploads\/2019\/05\/banner-1-1536x592.jpg 1536w, https:\/\/jesustr.com\/wp-content\/uploads\/2019\/05\/banner-1.jpg 1920w\" sizes=\"(max-width: 750px) 100vw, 750px\" \/>\t\t\t\t\t\t\t\t\t\t\t\t\t\t\t<\/div>\n\t\t\t\t<\/div>\n\t\t\t\t\t<\/div>\n\t\t<\/div>\n\t\t\t\t\t\t\t<\/div>\n\t\t<\/section>\n\t\t\t\t\t<\/div>\n\t\t<\/div>\n\t\t\t\t\t\t\t<\/div>\n\t\t<\/section>\n\t\t\t\t<section class=\"elementor-section elementor-top-section elementor-element elementor-element-9229f1d elementor-section-boxed elementor-section-height-default elementor-section-height-default\" data-id=\"9229f1d\" data-element_type=\"section\">\n\t\t\t\t\t\t<div class=\"elementor-container elementor-column-gap-default\">\n\t\t\t\t\t<div class=\"elementor-column elementor-col-100 elementor-top-column elementor-element elementor-element-f88c983\" data-id=\"f88c983\" data-element_type=\"column\">\n\t\t\t<div class=\"elementor-widget-wrap elementor-element-populated\">\n\t\t\t\t\t\t\t\t<section class=\"elementor-section elementor-inner-section elementor-element elementor-element-6b716b5 elementor-section-boxed elementor-section-height-default elementor-section-height-default\" data-id=\"6b716b5\" data-element_type=\"section\">\n\t\t\t\t\t\t<div class=\"elementor-container elementor-column-gap-default\">\n\t\t\t\t\t<div class=\"elementor-column elementor-col-33 elementor-inner-column elementor-element elementor-element-8457358\" data-id=\"8457358\" data-element_type=\"column\">\n\t\t\t<div class=\"elementor-widget-wrap elementor-element-populated\">\n\t\t\t\t\t\t\t\t<div class=\"elementor-element elementor-element-85e50d3 elementor-widget elementor-widget-button\" data-id=\"85e50d3\" data-element_type=\"widget\" data-widget_type=\"button.default\">\n\t\t\t\t<div class=\"elementor-widget-container\">\n\t\t\t\t\t<div class=\"elementor-button-wrapper\">\n\t\t\t<a href=\"https:\/\/www.jesustr.com\/yuklex\/ataturk.otf\" class=\"elementor-button-link elementor-button elementor-size-sm\" role=\"button\">\n\t\t\t\t\t\t<span class=\"elementor-button-content-wrapper\">\n\t\t\t\t\t\t<span class=\"elementor-button-text\">Atat\u00fcrk El yaz\u0131s\u0131<\/span>\n\t\t<\/span>\n\t\t\t\t\t<\/a>\n\t\t<\/div>\n\t\t\t\t<\/div>\n\t\t\t\t<\/div>\n\t\t\t\t\t<\/div>\n\t\t<\/div>\n\t\t\t\t<div class=\"elementor-column elementor-col-66 elementor-inner-column elementor-element elementor-element-42dfcb1\" data-id=\"42dfcb1\" data-element_type=\"column\">\n\t\t\t<div class=\"elementor-widget-wrap elementor-element-populated\">\n\t\t\t\t\t\t\t\t<div class=\"elementor-element elementor-element-1b4fd2d elementor-widget elementor-widget-text-editor\" data-id=\"1b4fd2d\" data-element_type=\"widget\" data-widget_type=\"text-editor.default\">\n\t\t\t\t<div class=\"elementor-widget-container\">\n\t\t\t\t\t\t\t<p>Atat\u00fcrk el yaz\u0131s\u0131 fontu. \u00dcr\u00fcn sahibi: www.artikeldeko.com.tr<\/p>\t\t\t\t\t\t<\/div>\n\t\t\t\t<\/div>\n\t\t\t\t\t<\/div>\n\t\t<\/div>\n\t\t\t\t\t\t\t<\/div>\n\t\t<\/section>\n\t\t\t\t\t<\/div>\n\t\t<\/div>\n\t\t\t\t\t\t\t<\/div>\n\t\t<\/section>\n\t\t\t\t<section class=\"elementor-section elementor-top-section elementor-element elementor-element-881cd90 elementor-section-boxed elementor-section-height-default elementor-section-height-default\" data-id=\"881cd90\" data-element_type=\"section\">\n\t\t\t\t\t\t<div class=\"elementor-container elementor-column-gap-default\">\n\t\t\t\t\t<div class=\"elementor-column elementor-col-100 elementor-top-column elementor-element elementor-element-74dfd6d\" data-id=\"74dfd6d\" data-element_type=\"column\">\n\t\t\t<div class=\"elementor-widget-wrap elementor-element-populated\">\n\t\t\t\t\t\t\t\t<section class=\"elementor-section elementor-inner-section elementor-element elementor-element-6a22741 elementor-section-boxed elementor-section-height-default elementor-section-height-default\" data-id=\"6a22741\" data-element_type=\"section\">\n\t\t\t\t\t\t<div class=\"elementor-container elementor-column-gap-default\">\n\t\t\t\t\t<div class=\"elementor-column elementor-col-33 elementor-inner-column elementor-element elementor-element-66182de\" data-id=\"66182de\" data-element_type=\"column\">\n\t\t\t<div class=\"elementor-widget-wrap elementor-element-populated\">\n\t\t\t\t\t\t\t\t<div class=\"elementor-element elementor-element-009f78f elementor-widget elementor-widget-button\" data-id=\"009f78f\" data-element_type=\"widget\" data-widget_type=\"button.default\">\n\t\t\t\t<div class=\"elementor-widget-container\">\n\t\t\t\t\t<div class=\"elementor-button-wrapper\">\n\t\t\t<a href=\"https:\/\/www.jesustr.com\/yuklex\/putty.exe\" class=\"elementor-button-link elementor-button elementor-size-sm\" role=\"button\">\n\t\t\t\t\t\t<span class=\"elementor-button-content-wrapper\">\n\t\t\t\t\t\t<span class=\"elementor-button-text\">PutTy StandAlone<\/span>\n\t\t<\/span>\n\t\t\t\t\t<\/a>\n\t\t<\/div>\n\t\t\t\t<\/div>\n\t\t\t\t<\/div>\n\t\t\t\t\t<\/div>\n\t\t<\/div>\n\t\t\t\t<div class=\"elementor-column elementor-col-66 elementor-inner-column elementor-element elementor-element-a6b7a49\" data-id=\"a6b7a49\" data-element_type=\"column\">\n\t\t\t<div class=\"elementor-widget-wrap elementor-element-populated\">\n\t\t\t\t\t\t\t\t<div class=\"elementor-element elementor-element-25857a6 elementor-widget elementor-widget-text-editor\" data-id=\"25857a6\" data-element_type=\"widget\" data-widget_type=\"text-editor.default\">\n\t\t\t\t<div class=\"elementor-widget-container\">\n\t\t\t\t\t\t\t<p>Basit ve i\u015flevsel, Linux\u00a0\u00a0 SSH \/ Telnet terminal uygulamas\u0131, indir kullan<\/p>\t\t\t\t\t\t<\/div>\n\t\t\t\t<\/div>\n\t\t\t\t\t<\/div>\n\t\t<\/div>\n\t\t\t\t\t\t\t<\/div>\n\t\t<\/section>\n\t\t\t\t\t<\/div>\n\t\t<\/div>\n\t\t\t\t\t\t\t<\/div>\n\t\t<\/section>\n\t\t\t\t<section class=\"elementor-section elementor-top-section elementor-element elementor-element-c781a4f elementor-section-boxed elementor-section-height-default elementor-section-height-default\" data-id=\"c781a4f\" data-element_type=\"section\">\n\t\t\t\t\t\t<div class=\"elementor-container elementor-column-gap-default\">\n\t\t\t\t\t<div class=\"elementor-column elementor-col-100 elementor-top-column elementor-element elementor-element-85fc360\" data-id=\"85fc360\" data-element_type=\"column\">\n\t\t\t<div class=\"elementor-widget-wrap elementor-element-populated\">\n\t\t\t\t\t\t\t\t<div class=\"elementor-element elementor-element-c06423d elementor-widget elementor-widget-SPT-BLOCK-1\" data-id=\"c06423d\" data-element_type=\"widget\" data-widget_type=\"SPT-BLOCK-1.default\">\n\t\t\t\t<div class=\"elementor-widget-container\">\n\t\t\t<div class=\"tg-block-wrapper tg-block-two-col\">\n\t\t\t<h4 class=\"block-title\">\n\t\t\t<span>Block posts 1<\/span>\n\t\t<\/h4>\n\t\n\t<div class=\"tg-block-row\">\n\t\t\n\t\t\t<div class=\"tg-block-content-wrapper\">\n\t\t\t\t<div class=\"tg-block-content\">\n\t\t\t\t\t\n\t\t\t\t\t<h3 class=\"tg-block-title entry-title\">\n\t\t\t\t\t\t<a href=\"https:\/\/jesustr.com\/index.php\/piyaz\/\">\n\t\t\t\t\t\t\tPiyaz\t\t\t\t\t\t<\/a>\n\t\t\t\t\t<\/h3>\n\n\t\t\t\t\t<footer class=\"entry-meta-bar clearfix\"><div class=\"entry-meta clearfix\">\r\n\t\t\t<span class=\"by-author author vcard\"><a class=\"url fn n\"\r\n\t\t\t                                        href=\"https:\/\/jesustr.com\/index.php\/author\/admin\/\">admin<\/a><\/span>\r\n\r\n\t\t\t<span class=\"date\"><a href=\"https:\/\/jesustr.com\/index.php\/piyaz\/\" title=\"02:07:59\" rel=\"bookmark\"><time class=\"entry-date published\" datetime=\"2026-01-09T02:07:59+00:00\">09.01.2026<\/time><time class=\"updated\" datetime=\"2026-01-16T00:05:29+00:00\">16.01.2026<\/time><\/a><\/span>\t\t\t\t<span class=\"category\"><a href=\"https:\/\/jesustr.com\/index.php\/category\/piyaz\/\" rel=\"category tag\">piyaz<\/a><\/span>\r\n\t\t\t\t<\/div><\/footer>\n\t\t\t\t\t<div class=\"tg-expert entry-content\">\n\t\t\t\t\t\t<p>Antalya Usul\u00fc Telaturlu Piyaz 5-6 Ki\u015fi i\u00e7in 4 bardak kuru fasulye (7 numara) 2 bardak tek kavrulmu\u015f tahin 1 bardak \u00fcz\u00fcm sirkesi 1 bardak zeytinya\u011f\u0131 3 tatl\u0131 ka\u015f\u0131\u011f\u0131 kimyon 1,5 limon suyu 2,5 sar\u0131msak 4 k\u00fcp \u015feker 2 \u00e7ay ka\u015f\u0131\u011f\u0131<\/p>\n\t\t\t\t\t<\/div>\n\n\t\t\t\t\t<span class=\"read-more-link\"><a class=\"read-more\"\n\t\t\t\t\t                                href=\"https:\/\/jesustr.com\/index.php\/piyaz\/\">Daha fazla oku<\/a><\/span>\n\t\t\t\t<\/div>\n\t\t\t<\/div>\n\n\t\t\t<\/div>\n<\/div> <!-- \/.tg-block-wrapper -->\n\t\t<\/div>\n\t\t\t\t<\/div>\n\t\t\t\t\t<\/div>\n\t\t<\/div>\n\t\t\t\t\t\t\t<\/div>\n\t\t<\/section>\n\t\t\t\t\t\t\t<\/div>\n\t\t","protected":false},"excerpt":{"rendered":"<p>Atat\u00fcrk El yaz\u0131s\u0131 Atat\u00fcrk el yaz\u0131s\u0131 fontu. \u00dcr\u00fcn sahibi: www.artikeldeko.com.tr PutTy StandAlone Basit ve i\u015flevsel, Linux\u00a0\u00a0 SSH \/ Telnet terminal uygulamas\u0131, indir kullan Block posts 1 Piyaz admin 09.01.202609.01.2026 piyaz D\u00fczenle Antalya Usul\u00fc Telaturlu Piyaz 5-6 Ki\u015fi i\u00e7in 4 bardak<\/p>\n","protected":false},"author":1,"featured_media":0,"parent":0,"menu_order":0,"comment_status":"closed","ping_status":"open","template":"","meta":[],"_links":{"self":[{"href":"https:\/\/jesustr.com\/index.php\/wp-json\/wp\/v2\/pages\/421"}],"collection":[{"href":"https:\/\/jesustr.com\/index.php\/wp-json\/wp\/v2\/pages"}],"about":[{"href":"https:\/\/jesustr.com\/index.php\/wp-json\/wp\/v2\/types\/page"}],"author":[{"embeddable":true,"href":"https:\/\/jesustr.com\/index.php\/wp-json\/wp\/v2\/users\/1"}],"replies":[{"embeddable":true,"href":"https:\/\/jesustr.com\/index.php\/wp-json\/wp\/v2\/comments?post=421"}],"version-history":[{"count":53,"href":"https:\/\/jesustr.com\/index.php\/wp-json\/wp\/v2\/pages\/421\/revisions"}],"predecessor-version":[{"id":1382,"href":"https:\/\/jesustr.com\/index.php\/wp-json\/wp\/v2\/pages\/421\/revisions\/1382"}],"wp:attachment":[{"href":"https:\/\/jesustr.com\/index.php\/wp-json\/wp\/v2\/media?parent=421"}],"curies":[{"name":"wp","href":"https:\/\/api.w.org\/{rel}","templated":true}]}}